{"id":768,"date":"2017-09-22T14:09:22","date_gmt":"2017-09-22T12:09:22","guid":{"rendered":"http:\/\/www.muzeum.brzozow.pl\/?page_id=768"},"modified":"2021-03-08T10:22:15","modified_gmt":"2021-03-08T09:22:15","slug":"oddzial-w-starej-wsi","status":"publish","type":"page","link":"https:\/\/muzeum.brzozow.pl\/?page_id=768","title":{"rendered":"Oddzia\u0142 w Starej Wsi"},"content":{"rendered":"\n<h1>Muzeum Po\u017carnictwa <br>im. Stanis\u0142awa Dydka w Starej Wsi<br><\/h1>\n\n\n\n<p id=\"block-430b8b00-14b5-4552-af73-5990778b9d2c\">Oddzia\u0142 Muzeum Regionalnego im. Adama Fastnachta w Brzozowie<strong> (tel. 13 43 418 56)<\/strong>. W sezonie (od maja do wrze\u015bnia) we wtorki w godz. <strong>10:00-13:00<\/strong> w muzeum pracownicy pe\u0142ni\u0105 dy\u017cur \u2013 w\u00f3wczas wst\u0119p jest bezp\u0142atny. Zainteresowanych zwiedzaniem w pozosta\u0142e dni (wst\u0119p p\u0142atny: <strong>4 z\u0142<\/strong> \u2013 bilet normalny, <strong>2 z\u0142<\/strong> \u2013 bilet ulgowy) prosimy o kontakt telefoniczny (nr powy\u017cej) \u2013 obowi\u0105zuj\u0105 rezerwacje grup z jednodniowym wyprzedzeniem.<\/p>\n","protected":false},"excerpt":{"rendered":"<p>Muzeum Po\u017carnictwa im. Stanis\u0142awa Dydka<\/p>\n","protected":false},"author":1,"featured_media":0,"parent":7,"menu_order":0,"comment_status":"closed","ping_status":"closed","template":"","meta":{"ngg_post_thumbnail":0},"_links":{"self":[{"href":"https:\/\/muzeum.brzozow.pl\/index.php?rest_route=\/wp\/v2\/pages\/768"}],"collection":[{"href":"https:\/\/muzeum.brzozow.pl\/index.php?rest_route=\/wp\/v2\/pages"}],"about":[{"href":"https:\/\/muzeum.brzozow.pl\/index.php?rest_route=\/wp\/v2\/types\/page"}],"author":[{"embeddable":true,"href":"https:\/\/muzeum.brzozow.pl\/index.php?rest_route=\/wp\/v2\/users\/1"}],"replies":[{"embeddable":true,"href":"https:\/\/muzeum.brzozow.pl\/index.php?rest_route=%2Fwp%2Fv2%2Fcomments&post=768"}],"version-history":[{"count":3,"href":"https:\/\/muzeum.brzozow.pl\/index.php?rest_route=\/wp\/v2\/pages\/768\/revisions"}],"predecessor-version":[{"id":4764,"href":"https:\/\/muzeum.brzozow.pl\/index.php?rest_route=\/wp\/v2\/pages\/768\/revisions\/4764"}],"up":[{"embeddable":true,"href":"https:\/\/muzeum.brzozow.pl\/index.php?rest_route=\/wp\/v2\/pages\/7"}],"wp:attachment":[{"href":"https:\/\/muzeum.brzozow.pl\/index.php?rest_route=%2Fwp%2Fv2%2Fmedia&parent=768"}],"curies":[{"name":"wp","href":"https:\/\/api.w.org\/{rel}","templated":true}]}}