{"id":32,"date":"2017-08-05T20:50:06","date_gmt":"2017-08-05T18:50:06","guid":{"rendered":"http:\/\/www.muzeum.brzozow.pl\/?page_id=32"},"modified":"2021-01-27T14:24:41","modified_gmt":"2021-01-27T13:24:41","slug":"karta-rodziny","status":"publish","type":"page","link":"https:\/\/muzeum.brzozow.pl\/?page_id=32","title":{"rendered":"Ulgi"},"content":{"rendered":"<p style=\"text-align: justify;\"><span style=\"font-size: 14pt;\">Op\u0142ata ulgowa na wst\u0119p do muzeum (<strong>na wystawy sta\u0142e i czasowe<\/strong>) oraz do oddzia\u0142u (<strong>Muzeum Po\u017carnictwa w Starej Wsi<\/strong>) przys\u0142uguje:<\/span><\/p>\n<ol style=\"text-align: justify;\">\n<li><span style=\"font-size: 14pt;\">dzieciom w wieku od 3 do 6 lat<\/span><\/li>\n<li><span style=\"font-size: 14pt;\">dzieciom i m\u0142odzie\u017cy ucz\u0105cej si\u0119<\/span><\/li>\n<\/ol>\n<p style=\"text-align: justify;\">\n<p style=\"text-align: justify;\"><span style=\"font-size: 14pt;\">W zwi\u0105zku z realizacj\u0105 programu <strong>\u201eBrzozowska Karta Rodziny 3+\u201d<\/strong>, wprowadza si\u0119 ulgowy zakup bilet\u00f3w wst\u0119pu na wszystkie rodzaje wystaw, ze zni\u017ck\u0105 <strong>50%<\/strong> dla rodzin wielodzietnych obj\u0119tych programem. Ulgowy zakup bilet\u00f3w realizowany jest po okazaniu karty upowa\u017cniaj\u0105cej do zni\u017cki.<\/span><\/p>\n<p style=\"text-align: justify;\">\n<p style=\"text-align: justify;\"><span style=\"font-size: 14pt;\">Wprowadza si\u0119 ulgowy zakup bilet\u00f3w wst\u0119pu na wszystkie rodzaje wystaw eksponowanych w macierzystej siedzibie muzeum, ze zni\u017ck\u0105 <strong>50%<\/strong> dla posiadaczy <strong>\u201eBieszczadzkiej Karty Turysty\u201d<\/strong>. Ulgowy bilet realizowany jest po okazaniu karty upowa\u017cniaj\u0105cej do zni\u017cki.<\/span><\/p>\n<p style=\"text-align: justify;\">\n<p style=\"text-align: justify;\"><span style=\"font-size: 14pt;\">Zni\u017cki na zakup bilet\u00f3w wst\u0119pu z tytu\u0142u \u201eBrzozowskiej Karty Rodziny 3+\u201d i \u201eBieszczadzkiej Karty Turysty\u201d nie podlegaj\u0105 \u0142\u0105czeniu. Brana pod uwag\u0119 b\u0119dzie najkorzystniejsza dla okazicieli kart zni\u017cka.<\/span><\/p>\n<p style=\"text-align: justify;\">\n<p style=\"text-align: justify;\"><span style=\"font-size: 14pt;\"><strong>Wst\u0119p bezp\u0142atny przys\u0142uguje:<\/strong><\/span><\/p>\n<ul style=\"text-align: justify;\">\n<li><span style=\"font-size: 14pt;\">uczniom szk\u00f3\u0142 specjalnych i o\u015brodk\u00f3w szkolno-wychowawczych i ich opiekunom,<\/span><\/li>\n<li><span style=\"font-size: 14pt;\">pensjonariuszom dom\u00f3w pomocy spo\u0142ecznej i ich opiekunom,<\/span><\/li>\n<li><span style=\"font-size: 14pt;\">uczestnikom warsztat\u00f3w terapii zaj\u0119ciowej i ich opiekunom,<\/span><\/li>\n<li><span style=\"font-size: 14pt;\">uczestnikom \u015brodowiskowych dom\u00f3w samopomocy i ich opiekunom,<\/span><\/li>\n<li><span style=\"font-size: 14pt;\">wychowankom rodzinnych dom\u00f3w dziecka i ich opiekunom,<\/span><\/li>\n<li><span style=\"font-size: 14pt;\">opiekunom zorganizowanych grup uczni\u00f3w szk\u00f3\u0142 podstawowych, gimnazjalnych i ponadgimnazjalnych,<\/span><\/li>\n<li><span style=\"font-size: 14pt;\">opiekunom zorganizowanych grup przedszkolak\u00f3w,<\/span><\/li>\n<li><span style=\"font-size: 14pt;\">dzieciom poni\u017cej 3 roku \u017cycia,<\/span><\/li>\n<li><span style=\"font-size: 14pt;\">pracownikom muze\u00f3w pa\u0144stwowych i samorz\u0105dowych.<\/span><\/li>\n<\/ul>\n<p style=\"text-align: justify;\">\n<p style=\"text-align: justify;\"><span style=\"font-size: 14pt;\"><strong>Poniedzia\u0142ek<\/strong> jest dniem, w kt\u00f3rym wst\u0119p na wystaw\u0119 sta\u0142\u0105 do muzeum (w ratuszu) jest bezp\u0142atny.<\/span><\/p>\n<p style=\"text-align: justify;\"><span style=\"font-size: 14pt;\">We <strong>wtorki<\/strong> (w okresie od 1 maja do 30 wrze\u015bnia) wst\u0119p do oddzia\u0142u \u2013 Muzeum Po\u017carnictwa w Starej Wsi jest bezp\u0142atny.<\/span><\/p>\n","protected":false},"excerpt":{"rendered":"<p>Op\u0142ata ulgowa na wst\u0119p do<\/p>\n","protected":false},"author":1,"featured_media":0,"parent":3764,"menu_order":0,"comment_status":"closed","ping_status":"closed","template":"","meta":{"ngg_post_thumbnail":0},"_links":{"self":[{"href":"https:\/\/muzeum.brzozow.pl\/index.php?rest_route=\/wp\/v2\/pages\/32"}],"collection":[{"href":"https:\/\/muzeum.brzozow.pl\/index.php?rest_route=\/wp\/v2\/pages"}],"about":[{"href":"https:\/\/muzeum.brzozow.pl\/index.php?rest_route=\/wp\/v2\/types\/page"}],"author":[{"embeddable":true,"href":"https:\/\/muzeum.brzozow.pl\/index.php?rest_route=\/wp\/v2\/users\/1"}],"replies":[{"embeddable":true,"href":"https:\/\/muzeum.brzozow.pl\/index.php?rest_route=%2Fwp%2Fv2%2Fcomments&post=32"}],"version-history":[{"count":1,"href":"https:\/\/muzeum.brzozow.pl\/index.php?rest_route=\/wp\/v2\/pages\/32\/revisions"}],"predecessor-version":[{"id":3922,"href":"https:\/\/muzeum.brzozow.pl\/index.php?rest_route=\/wp\/v2\/pages\/32\/revisions\/3922"}],"up":[{"embeddable":true,"href":"https:\/\/muzeum.brzozow.pl\/index.php?rest_route=\/wp\/v2\/pages\/3764"}],"wp:attachment":[{"href":"https:\/\/muzeum.brzozow.pl\/index.php?rest_route=%2Fwp%2Fv2%2Fmedia&parent=32"}],"curies":[{"name":"wp","href":"https:\/\/api.w.org\/{rel}","templated":true}]}}