{"id":28,"date":"2017-08-05T20:49:22","date_gmt":"2017-08-05T18:49:22","guid":{"rendered":"http:\/\/www.muzeum.brzozow.pl\/?page_id=28"},"modified":"2026-01-20T09:38:12","modified_gmt":"2026-01-20T08:38:12","slug":"wynajecie-sali","status":"publish","type":"page","link":"https:\/\/muzeum.brzozow.pl\/?page_id=28","title":{"rendered":"Wynajem sali"},"content":{"rendered":"<p>Oferujemy mo\u017cliwo\u015b\u0107 wynajmu sali konferencyjnej, kt\u00f3ra mo\u017ce pos\u0142u\u017cy\u0107 do organizowania szkole\u0144, konferencji itp. Sala zlokalizowana jest na pi\u0119trze ratusza w Brzozowie. Zapewniamy m.in. dost\u0119p do internetu, projektor, ekran oraz nag\u0142o\u015bnienie. Krzes\u0142a w sali o powierzchni 86,66 m\u00b2<sup>&nbsp; <\/sup>mog\u0105 by\u0107 przygotowane w uk\u0142adzie \u201eszkolnym\u201d dla 60\u201370 os\u00f3b. Organizacji spotka\u0144 mo\u017ce towarzyszy\u0107 obs\u0142uga cateringowa realizuj\u0105ca serwis kawowy i kanapkowy, zamawiany we w\u0142asnym zakresie.<\/p>\n<p>Sala mie\u015bci si\u0119 w budynku w pe\u0142ni przystosowanym dla potrzeb os\u00f3b niepe\u0142nosprawnych (wej\u015bcie wyposa\u017cone w schodo\u0142az, wewn\u0105trz budynku winda i toaleta \u2013 przystosowane dla os\u00f3b na w\u00f3zkach inwalidzkich). Dobra lokalizacja w centrum miasta.<\/p>\n<p>W ramach wynajmu sali oferujemy r\u00f3wnie\u017c oprowadzanie uczestnik\u00f3w szkolenia\/konferencji po wystawie sta\u0142ej.<\/p>\n<p>Ceny wynajmu:<br>&#8211; do 8 godzin \u2013 150 z\u0142\/godz.,<br>&#8211; za ka\u017cd\u0105 kolejn\u0105, rozpocz\u0119t\u0105 godzin\u0119 powy\u017cej 8 godzin \u2013 100 z\u0142\/godz.<\/p>\n<p><a href=\"http:\/\/muzeum.brzozow.pl\/wp-content\/uploads\/2026\/01\/Zarzadzenie-wynajem_sali.pdf\" target=\"_blank\" rel=\"noopener\"><span style=\"font-size: 14pt;\">Zarz\u0105dzenie w sprawie ustalenia op\u0142at za wynajem sali konferencyjnej<\/span><\/a><\/p>\n<p>Okre\u015blone powy\u017cej ceny s\u0105 warto\u015bciami brutto i obejmuj\u0105 koszty medi\u00f3w (woda, energia elektryczna, ogrzewanie).<\/p>\n<p>Rezerwacja sali dokonywana jest przez Najemc\u0119 za pomoc\u0105 formularza wynajmu sali dost\u0119pnego do pobrania&nbsp;poni\u017cej:<\/p>\n<p><a href=\"http:\/\/muzeum.brzozow.pl\/wp-content\/uploads\/2026\/01\/formularz-zamowienia-sali-1-1.pdf\" target=\"_blank\" rel=\"noopener\">formularz zam\u00f3wienia sali&nbsp;<\/a><\/p>\n<p style=\"text-align: justify;\">Wype\u0142niony formularz nale\u017cy przes\u0142a\u0107 drog\u0105 mailow\u0105 na adres: muzeum@muzeumbrzozow.pl<\/p>\n\n\n<p><\/p>\n","protected":false},"excerpt":{"rendered":"<p>Oferujemy mo\u017cliwo\u015b\u0107 wynajmu sali konferencyjnej,<\/p>\n","protected":false},"author":1,"featured_media":0,"parent":0,"menu_order":0,"comment_status":"closed","ping_status":"closed","template":"","meta":{"ngg_post_thumbnail":0},"_links":{"self":[{"href":"https:\/\/muzeum.brzozow.pl\/index.php?rest_route=\/wp\/v2\/pages\/28"}],"collection":[{"href":"https:\/\/muzeum.brzozow.pl\/index.php?rest_route=\/wp\/v2\/pages"}],"about":[{"href":"https:\/\/muzeum.brzozow.pl\/index.php?rest_route=\/wp\/v2\/types\/page"}],"author":[{"embeddable":true,"href":"https:\/\/muzeum.brzozow.pl\/index.php?rest_route=\/wp\/v2\/users\/1"}],"replies":[{"embeddable":true,"href":"https:\/\/muzeum.brzozow.pl\/index.php?rest_route=%2Fwp%2Fv2%2Fcomments&post=28"}],"version-history":[{"count":23,"href":"https:\/\/muzeum.brzozow.pl\/index.php?rest_route=\/wp\/v2\/pages\/28\/revisions"}],"predecessor-version":[{"id":8372,"href":"https:\/\/muzeum.brzozow.pl\/index.php?rest_route=\/wp\/v2\/pages\/28\/revisions\/8372"}],"wp:attachment":[{"href":"https:\/\/muzeum.brzozow.pl\/index.php?rest_route=%2Fwp%2Fv2%2Fmedia&parent=28"}],"curies":[{"name":"wp","href":"https:\/\/api.w.org\/{rel}","templated":true}]}}