{"id":18,"date":"2017-08-05T20:47:57","date_gmt":"2017-08-05T18:47:57","guid":{"rendered":"http:\/\/www.muzeum.brzozow.pl\/?page_id=18"},"modified":"2021-03-08T10:32:25","modified_gmt":"2021-03-08T09:32:25","slug":"ceny-biletow","status":"publish","type":"page","link":"https:\/\/muzeum.brzozow.pl\/?page_id=18","title":{"rendered":"Ceny bilet\u00f3w"},"content":{"rendered":"<p><strong>Op\u0142ata za jednorazowy wst\u0119p na ekspozycje w g\u0142\u00f3wnej cz\u0119\u015bci muzeum (w ratuszu w Brzozowie):<br \/>\n<\/strong>1) &nbsp; &nbsp;na wystaw\u0119 sta\u0142\u0105: a) zwyk\u0142a \u2013 6,00 z\u0142, b) ulgowa \u2013 3,00 z\u0142;<br \/>\n2) &nbsp; &nbsp;na wystaw\u0119 czasow\u0105: a) zwyk\u0142a \u2013 5,00 z\u0142; b) ulgowa \u2013 2,50 z\u0142;<br \/>\n3) &nbsp; &nbsp;wst\u0119p bezp\u0142atny obowi\u0105zuje w poniedzia\u0142ki na wystawy sta\u0142e.<\/p>\n<p><strong>Op\u0142ata za jednorazowy wst\u0119p na ekspozycj\u0119 w oddziale muzeum (w domu stra\u017caka w Starej Wsi):<br \/>\n<\/strong>1) &nbsp; &nbsp;na wystaw\u0119 sta\u0142\u0105: a) zwyk\u0142a \u2013 6,00 z\u0142, b) ulgowa \u2013 3,00 z\u0142;<br \/>\n2) &nbsp; &nbsp;wst\u0119p bezp\u0142atny obowi\u0105zuje we wtorki od maja do wrze\u015bnia.<\/p>\n<p>* * *<br \/>\nThe cost of single fare ticket at&nbsp;stationery exhibit (in Brzozow and in Stara Wies): normal ticket&nbsp;\u2013 6 Zloty; reduced ticket&nbsp;\u2013 3 Zloty.<br \/>\nThe cost of single fare ticket at&nbsp;temporary exhibit (in Brzozow): normal ticket&nbsp;\u2013 5 Zloty; reduced ticket&nbsp;\u2013 2,5 Zloty.<br \/>\nYou might see stationary exhibit in the Regional Museum in Brzozow at every Monday free charge.<br \/>\nYou might see in the Museum in Stara Wies at every Tuesday (May \u2013 September) free charge<\/p>\n","protected":false},"excerpt":{"rendered":"<p>Op\u0142ata za jednorazowy wst\u0119p na<\/p>\n","protected":false},"author":1,"featured_media":0,"parent":3764,"menu_order":0,"comment_status":"closed","ping_status":"closed","template":"","meta":{"ngg_post_thumbnail":0},"_links":{"self":[{"href":"https:\/\/muzeum.brzozow.pl\/index.php?rest_route=\/wp\/v2\/pages\/18"}],"collection":[{"href":"https:\/\/muzeum.brzozow.pl\/index.php?rest_route=\/wp\/v2\/pages"}],"about":[{"href":"https:\/\/muzeum.brzozow.pl\/index.php?rest_route=\/wp\/v2\/types\/page"}],"author":[{"embeddable":true,"href":"https:\/\/muzeum.brzozow.pl\/index.php?rest_route=\/wp\/v2\/users\/1"}],"replies":[{"embeddable":true,"href":"https:\/\/muzeum.brzozow.pl\/index.php?rest_route=%2Fwp%2Fv2%2Fcomments&post=18"}],"version-history":[{"count":3,"href":"https:\/\/muzeum.brzozow.pl\/index.php?rest_route=\/wp\/v2\/pages\/18\/revisions"}],"predecessor-version":[{"id":4769,"href":"https:\/\/muzeum.brzozow.pl\/index.php?rest_route=\/wp\/v2\/pages\/18\/revisions\/4769"}],"up":[{"embeddable":true,"href":"https:\/\/muzeum.brzozow.pl\/index.php?rest_route=\/wp\/v2\/pages\/3764"}],"wp:attachment":[{"href":"https:\/\/muzeum.brzozow.pl\/index.php?rest_route=%2Fwp%2Fv2%2Fmedia&parent=18"}],"curies":[{"name":"wp","href":"https:\/\/api.w.org\/{rel}","templated":true}]}}