{"id":6224,"date":"2022-07-15T07:47:53","date_gmt":"2022-07-15T05:47:53","guid":{"rendered":"http:\/\/muzeum.brzozow.pl\/?page_id=6224"},"modified":"2022-07-15T08:19:27","modified_gmt":"2022-07-15T06:19:27","slug":"dane-kontaktowe-iod","status":"publish","type":"page","link":"http:\/\/muzeum.brzozow.pl\/?page_id=6224","title":{"rendered":"Dane kontaktowe IOD"},"content":{"rendered":"\n<p><strong>POWIADOMIENIE O DANYCH KONTAKTOWYCH INSPEKTORA OCHRONY DANYCH ( IOD)<\/strong><\/p>\n\n\n\n<p>RODO przewiduje obowi\u0105zek publikowania danych kontaktowych inspektora ochrony danych. Osoby, kt\u00f3rych dane dotycz\u0105, zgodnie z art. 38 ust. 4 RODO, maj\u0105 mo\u017cliwo\u015b\u0107 skontaktowania si\u0119 z Inspektorem Ochrony Danych (IOD) we wszystkich sprawach zwi\u0105zanych z przetwarzaniem ich danych osobowych oraz z wykonywaniem praw przys\u0142uguj\u0105cych im na mocy niniejszego rozporz\u0105dzenia.<br>W zwi\u0105zku z powy\u017cszym, na stronie internetowej publikujemy dane kontaktowe inspektora ochrony danych, umo\u017cliwiaj\u0105ce zainteresowanym kontakt z nim.<\/p>\n\n\n\n<p><br>Inspektor Ochrony Danych w Muzeum Regionalnym im. Adama Fastnachta w Brzozowie:\u00a0<strong>Mateusz Podkul<\/strong><br>Dane do kontaktu :\u00a0<strong>iod.muzeum@gmail.com.pl, nr tel.: 13\u00a0434 18 56<\/strong><\/p>\n","protected":false},"excerpt":{"rendered":"<p>POWIADOMIENIE O DANYCH KONTAKTOWYCH INSPEKTORA<\/p>\n","protected":false},"author":1,"featured_media":0,"parent":6207,"menu_order":0,"comment_status":"closed","ping_status":"closed","template":"","meta":{"ngg_post_thumbnail":0},"_links":{"self":[{"href":"http:\/\/muzeum.brzozow.pl\/index.php?rest_route=\/wp\/v2\/pages\/6224"}],"collection":[{"href":"http:\/\/muzeum.brzozow.pl\/index.php?rest_route=\/wp\/v2\/pages"}],"about":[{"href":"http:\/\/muzeum.brzozow.pl\/index.php?rest_route=\/wp\/v2\/types\/page"}],"author":[{"embeddable":true,"href":"http:\/\/muzeum.brzozow.pl\/index.php?rest_route=\/wp\/v2\/users\/1"}],"replies":[{"embeddable":true,"href":"http:\/\/muzeum.brzozow.pl\/index.php?rest_route=%2Fwp%2Fv2%2Fcomments&post=6224"}],"version-history":[{"count":4,"href":"http:\/\/muzeum.brzozow.pl\/index.php?rest_route=\/wp\/v2\/pages\/6224\/revisions"}],"predecessor-version":[{"id":6235,"href":"http:\/\/muzeum.brzozow.pl\/index.php?rest_route=\/wp\/v2\/pages\/6224\/revisions\/6235"}],"up":[{"embeddable":true,"href":"http:\/\/muzeum.brzozow.pl\/index.php?rest_route=\/wp\/v2\/pages\/6207"}],"wp:attachment":[{"href":"http:\/\/muzeum.brzozow.pl\/index.php?rest_route=%2Fwp%2Fv2%2Fmedia&parent=6224"}],"curies":[{"name":"wp","href":"https:\/\/api.w.org\/{rel}","templated":true}]}}