{"id":48,"date":"2017-08-05T20:54:51","date_gmt":"2017-08-05T18:54:51","guid":{"rendered":"http:\/\/www.muzeum.brzozow.pl\/?page_id=48"},"modified":"2025-10-08T12:17:17","modified_gmt":"2025-10-08T10:17:17","slug":"sprzedaz","status":"publish","type":"page","link":"http:\/\/muzeum.brzozow.pl\/?page_id=48","title":{"rendered":"Sprzeda\u017c"},"content":{"rendered":"<p style=\"text-align: left;\"><span style=\"font-size: 14pt;\"><strong>OFERTA PUBLIKACJI DO SPRZEDA\u017bY<\/strong><\/span><\/p>\n<p><img loading=\"lazy\" class=\"alignleft wp-image-1447\" src=\"http:\/\/muzeum.brzozow.pl\/wp-content\/uploads\/2017\/08\/25-lat-muzeum-215x300.jpg\" alt=\"\" width=\"174\" height=\"243\" srcset=\"http:\/\/muzeum.brzozow.pl\/wp-content\/uploads\/2017\/08\/25-lat-muzeum-215x300.jpg 215w, http:\/\/muzeum.brzozow.pl\/wp-content\/uploads\/2017\/08\/25-lat-muzeum.jpg 600w\" sizes=\"(max-width: 174px) 100vw, 174px\" \/><\/p>\n<p style=\"padding-left: 120px;\"><span style=\"font-size: 12pt;\"><strong><em>25 lat Muzeum Regionalnego w Brzozowie<\/em><\/strong>, Bodzioch-Kaznowska B., Kaznowski M., Ko\u015bci\u0144ska H.<em>,<\/em> Brzoz\u00f3w 2005.<\/span><\/p>\n<p style=\"padding-left: 120px;\"><span style=\"font-size: 12pt;\">Oprawa mi\u0119kka, format 14,8&#215;20,9<br \/>\n<\/span><span style=\"font-size: 12pt;\">Stron 112<br \/>\n<\/span><span style=\"font-size: 12pt;\">Cena: <strong>10,00 z\u0142<\/strong><\/span><\/p>\n<p>&nbsp;<\/p>\n<p>&nbsp;<\/p>\n<p><span style=\"font-size: 12pt;\"><strong><em><img loading=\"lazy\" class=\"alignleft wp-image-1450\" src=\"http:\/\/muzeum.brzozow.pl\/wp-content\/uploads\/2017\/08\/akowcy-217x300.jpg\" alt=\"\" width=\"171\" height=\"236\" srcset=\"http:\/\/muzeum.brzozow.pl\/wp-content\/uploads\/2017\/08\/akowcy-217x300.jpg 217w, http:\/\/muzeum.brzozow.pl\/wp-content\/uploads\/2017\/08\/akowcy.jpg 600w\" sizes=\"(max-width: 171px) 100vw, 171px\" \/>Akowcy na Podkarpaciu<\/em><\/strong>, Modrzejewski J., Brzoz\u00f3w 1990.<\/span><\/p>\n<p><span style=\"font-size: 12pt;\">Oprawa mi\u0119kka, format14,5&#215;20,5<br \/>\n<\/span><span style=\"font-size: 12pt;\">Stron 112<br \/>\n<\/span><span style=\"font-size: 12pt;\">Cena: <strong>3,00 z\u0142<\/strong><\/span><\/p>\n<p>&nbsp;<\/p>\n<p>&nbsp;<\/p>\n<p><img loading=\"lazy\" class=\"\" src=\"https:\/\/muzeum.brzozow.pl\/wp-content\/uploads\/2025\/10\/20251008103213954_0001-732x1024.jpg\" alt=\"Obrazek posiada pusty atrybut alt; plik o nazwie 20251008103213954_0001-732x1024.jpg\" width=\"167\" height=\"234\"><\/p>\n<p><em><strong>Czuwaj\u0105, by cz\u0142owiek bezpiecznie m\u00f3g\u0142 \u017cy\u0107. Sto lat s\u0142u\u017cby Ochotniczej Stra\u017cy Po\u017carnej w Starej Wsi<\/strong><\/em>, Kaznowski M., Brzoz\u00f3w 2008<br \/>\nOprawa twarda, format 16,3&#215;23<br \/>\nCena: <strong>15,00 z\u0142<\/strong><\/p>\n<p>&nbsp;<\/p>\n<p><span style=\"font-size: 12pt;\"><strong><em><img loading=\"lazy\" class=\"alignleft wp-image-1455\" src=\"http:\/\/muzeum.brzozow.pl\/wp-content\/uploads\/2017\/08\/domki-mysliwskie-211x300.jpg\" alt=\"\" width=\"165\" height=\"235\" srcset=\"http:\/\/muzeum.brzozow.pl\/wp-content\/uploads\/2017\/08\/domki-mysliwskie-211x300.jpg 211w, http:\/\/muzeum.brzozow.pl\/wp-content\/uploads\/2017\/08\/domki-mysliwskie.jpg 500w\" sizes=\"(max-width: 165px) 100vw, 165px\" \/>Domki my\u015bliwskie k\u00f3\u0142 \u0142owieckich kro\u015bnie\u0144skiego okr\u0119gu PZ\u0141<\/em><\/strong><em>,<\/em> red. B. Kostur, Krosno 2012.<\/span><\/p>\n<p><span style=\"font-size: 12pt;\">Oprawa twarda, format 16&#215;23<br \/>\n<\/span><span style=\"font-size: 12pt;\">Stron 158<br \/>\n<\/span><span style=\"font-size: 12pt;\">Cena: <strong>12,00 z\u0142<\/strong><\/span><\/p>\n<p>&nbsp;<\/p>\n<p>&nbsp;<\/p>\n<p><span style=\"font-size: 12pt;\"><strong><em><img loading=\"lazy\" class=\"alignleft wp-image-1456\" src=\"http:\/\/muzeum.brzozow.pl\/wp-content\/uploads\/2017\/08\/fasciculi-cz.3-212x300.jpg\" alt=\"\" width=\"165\" height=\"233\" srcset=\"http:\/\/muzeum.brzozow.pl\/wp-content\/uploads\/2017\/08\/fasciculi-cz.3-212x300.jpg 212w, http:\/\/muzeum.brzozow.pl\/wp-content\/uploads\/2017\/08\/fasciculi-cz.3.jpg 500w\" sizes=\"(max-width: 165px) 100vw, 165px\" \/>Fasciculi Musei Regionalis Brzozoviensis<\/em><\/strong>, red. J. Rak, nr 3, Brzoz\u00f3w 2009.<\/span><\/p>\n<p><span style=\"font-size: 12pt;\">Oprawa twarda, format 16&#215;23<br \/>\n<\/span><span style=\"font-size: 12pt;\">Stron 250<br \/>\n<\/span><span style=\"font-size: 12pt;\">Cena: <strong>15,00 z\u0142<\/strong><\/span><\/p>\n<p>&nbsp;<\/p>\n<p>&nbsp;<\/p>\n<p><span style=\"font-size: 12pt;\"><strong><em><img loading=\"lazy\" class=\"alignleft wp-image-1457\" src=\"http:\/\/muzeum.brzozow.pl\/wp-content\/uploads\/2017\/08\/fasciculi-213x300.jpg\" alt=\"\" width=\"165\" height=\"232\" srcset=\"http:\/\/muzeum.brzozow.pl\/wp-content\/uploads\/2017\/08\/fasciculi-213x300.jpg 213w, http:\/\/muzeum.brzozow.pl\/wp-content\/uploads\/2017\/08\/fasciculi.jpg 600w\" sizes=\"(max-width: 165px) 100vw, 165px\" \/>Fasciculi Musei Regionalis Brzozoviensis<\/em><\/strong>, red. M. Kaznowski, nr 4, Brzoz\u00f3w 2009.<\/span><\/p>\n<p><span style=\"font-size: 12pt;\">Oprawa twarda, format 16,2&#215;23<br \/>\n<\/span><span style=\"font-size: 12pt;\">Stron 224<br \/>\n<\/span><span style=\"font-size: 12pt;\">Cena: <strong>15,00 z\u0142<\/strong><\/span><\/p>\n<p>&nbsp;<\/p>\n<p>&nbsp;<\/p>\n<p><span style=\"font-size: 12pt;\"><strong><em><img loading=\"lazy\" class=\"alignleft wp-image-1458\" src=\"http:\/\/muzeum.brzozow.pl\/wp-content\/uploads\/2017\/08\/graboszczanie-213x300.jpg\" alt=\"\" width=\"165\" height=\"232\" srcset=\"http:\/\/muzeum.brzozow.pl\/wp-content\/uploads\/2017\/08\/graboszczanie-213x300.jpg 213w, http:\/\/muzeum.brzozow.pl\/wp-content\/uploads\/2017\/08\/graboszczanie.jpg 600w\" sizes=\"(max-width: 165px) 100vw, 165px\" \/>Graboszczanie. Kartki z dziej\u00f3w zespo\u0142u obrz\u0119dowego i kapeli ludowej w Grabownicy Starze\u0144skiej<\/em><\/strong><strong>, <\/strong>Olejko Z., Brzoz\u00f3w 2014.<\/span><\/p>\n<p><span style=\"font-size: 12pt;\">Oprawa twarda, format 21,5&#215;30,1<br \/>\n<\/span><span style=\"font-size: 12pt;\">Stron 112<br \/>\n<\/span><span style=\"font-size: 12pt;\">Cena: <strong>22,50 z\u0142<\/strong><\/span><\/p>\n<p>&nbsp;<\/p>\n<p>&nbsp;<\/p>\n<p><em><strong><img loading=\"lazy\" class=\"\" src=\"https:\/\/muzeum.brzozow.pl\/wp-content\/uploads\/2025\/10\/20251008102845798_0001-1-720x1024.jpg\" alt=\"Obrazek posiada pusty atrybut alt; plik o nazwie 20251008102845798_0001-1-720x1024.jpg\" width=\"168\" height=\"239\">&nbsp; &nbsp;<\/strong><\/em><\/p>\n<p><em><strong>Ko\u015bcielne dzieje regionu brzozowskiego<\/strong><\/em>, Jerzy F. Adamski, Brzoz\u00f3w-Krosno 2024<br \/>\noprawa twarda, format 15&#215;21,1<br \/>\nStron 64<br \/>\nCena: <strong>20,00 z\u0142<\/strong><\/p>\n<p>&nbsp;<\/p>\n<p><span style=\"font-size: 12pt;\"><strong><em><img loading=\"lazy\" class=\"alignleft wp-image-1467\" src=\"http:\/\/muzeum.brzozow.pl\/wp-content\/uploads\/2017\/08\/muzea-regionalne-PTTK-217x300.jpg\" alt=\"\" width=\"153\" height=\"211\" srcset=\"http:\/\/muzeum.brzozow.pl\/wp-content\/uploads\/2017\/08\/muzea-regionalne-PTTK-217x300.jpg 217w, http:\/\/muzeum.brzozow.pl\/wp-content\/uploads\/2017\/08\/muzea-regionalne-PTTK.jpg 500w\" sizes=\"(max-width: 153px) 100vw, 153px\" \/>Muzea Regionalne PTTK<\/em><\/strong>, Cichy W., Brzoz\u00f3w 1992.<\/span><\/p>\n<p><span style=\"font-size: 12pt;\">Oprawa mi\u0119kka, format 14,8&#215;20,5<br \/>\n<\/span><span style=\"font-size: 12pt;\">Stron 88<br \/>\n<\/span><span style=\"font-size: 12pt;\">Cena: <strong>3,00 z\u0142<\/strong><\/span><\/p>\n<p>&nbsp;<\/p>\n<p>&nbsp;<\/p>\n<p><span style=\"font-size: 12pt;\"><strong><em><img loading=\"lazy\" class=\"alignleft wp-image-1471\" src=\"http:\/\/muzeum.brzozow.pl\/wp-content\/uploads\/2017\/08\/odznaczenia-odznaki-214x300.jpg\" alt=\"\" width=\"149\" height=\"209\" srcset=\"http:\/\/muzeum.brzozow.pl\/wp-content\/uploads\/2017\/08\/odznaczenia-odznaki-214x300.jpg 214w, http:\/\/muzeum.brzozow.pl\/wp-content\/uploads\/2017\/08\/odznaczenia-odznaki.jpg 600w\" sizes=\"(max-width: 149px) 100vw, 149px\" \/>Odznaczenia, odznaki i symbole \u0142owieckie Kro\u015bnie\u0144skiego Okr\u0119gu PZ\u0141<\/em><\/strong>, red. M. Kaznowski, B. Kostur, Brzoz\u00f3w-Krosno 2010.<\/span><\/p>\n<p><span style=\"font-size: 12pt;\">Oprawa twarda, format 15&#215;21<br \/>\n<\/span><span style=\"font-size: 12pt;\">Stron 96<br \/>\n<\/span><span style=\"font-size: 12pt;\">Cena: <strong>8,00 z\u0142<\/strong><\/span><\/p>\n<p>&nbsp;<\/p>\n<p><span style=\"font-size: 12pt;\"><strong><em><img loading=\"lazy\" class=\"alignleft wp-image-1478\" src=\"http:\/\/muzeum.brzozow.pl\/wp-content\/uploads\/2017\/08\/przedszkole-w-starej-wsi-211x300.jpg\" alt=\"\" width=\"144\" height=\"205\" srcset=\"http:\/\/muzeum.brzozow.pl\/wp-content\/uploads\/2017\/08\/przedszkole-w-starej-wsi-211x300.jpg 211w, http:\/\/muzeum.brzozow.pl\/wp-content\/uploads\/2017\/08\/przedszkole-w-starej-wsi.jpg 600w\" sizes=\"(max-width: 144px) 100vw, 144px\" \/>Ojciec \u015awi\u0119ty Jan Pawe\u0142 II patron Przedszkola Samorz\u0105dowego w Starej Wsi<\/em><\/strong><strong>,<\/strong> Owoc M., Brzoz\u00f3w 2014.<\/span><\/p>\n<p><span style=\"font-size: 12pt;\">Oprawa mi\u0119kka, format 15,5&#215;21,8<br \/>\n<\/span><span style=\"font-size: 12pt;\">Stron 28<br \/>\n<\/span><span style=\"font-size: 12pt;\">Cena: <strong>2,00 z\u0142<\/strong><\/span><\/p>\n<p>&nbsp;<\/p>\n<p>&nbsp;<\/p>\n<p><span style=\"font-size: 12pt;\"><strong><em><img loading=\"lazy\" class=\"alignleft wp-image-1473\" src=\"http:\/\/muzeum.brzozow.pl\/wp-content\/uploads\/2017\/08\/OSP-Brzozow-212x300.jpg\" alt=\"\" width=\"161\" height=\"228\" srcset=\"http:\/\/muzeum.brzozow.pl\/wp-content\/uploads\/2017\/08\/OSP-Brzozow-212x300.jpg 212w, http:\/\/muzeum.brzozow.pl\/wp-content\/uploads\/2017\/08\/OSP-Brzozow.jpg 600w\" sizes=\"(max-width: 161px) 100vw, 161px\" \/>OSP w Brzozowie. Dziedzictwo przesz\u0142o\u015bci wsp\u00f3\u0142czesno\u015b\u0107<\/em><\/strong>, red. M. Kaznowski, Brzoz\u00f3w 2014.<\/span><\/p>\n<p><span style=\"font-size: 12pt;\">Oprawa mi\u0119kka, format 15,8&#215;22,2<br \/>\n<\/span><span style=\"font-size: 12pt;\">Stron 28<br \/>\n<\/span><span style=\"font-size: 12pt;\">Cena: <strong>3,00 z\u0142<\/strong><\/span><\/p>\n<p>&nbsp;<\/p>\n<p>&nbsp;<\/p>\n<p><span style=\"font-size: 12pt;\"><strong><em><img loading=\"lazy\" class=\"alignleft wp-image-1475\" src=\"http:\/\/muzeum.brzozow.pl\/wp-content\/uploads\/2017\/08\/podkarpackie-judaica-300x273.jpg\" alt=\"\" width=\"218\" height=\"198\" srcset=\"http:\/\/muzeum.brzozow.pl\/wp-content\/uploads\/2017\/08\/podkarpackie-judaica-300x273.jpg 300w, http:\/\/muzeum.brzozow.pl\/wp-content\/uploads\/2017\/08\/podkarpackie-judaica.jpg 600w\" sizes=\"(max-width: 218px) 100vw, 218px\" \/>Podkarpackie judaica<\/em><\/strong><strong>,<\/strong> Potocki A., Brzoz\u00f3w 1993.<\/span><\/p>\n<p><span style=\"font-size: 12pt;\">Oprawa mi\u0119kka, format 20,6&#215;19<br \/>\n<\/span><span style=\"font-size: 12pt;\">Stron 80<br \/>\n<\/span><span style=\"font-size: 12pt;\">Cena:<strong> 5,00 z\u0142<\/strong><\/span><\/p>\n<p>&nbsp;<\/p>\n<p>&nbsp;<\/p>\n<p><span style=\"font-size: 12pt;\"><strong><em><img loading=\"lazy\" class=\"alignleft wp-image-1476\" src=\"http:\/\/muzeum.brzozow.pl\/wp-content\/uploads\/2017\/08\/pogorze-dynowskie-218x300.jpg\" alt=\"\" width=\"156\" height=\"215\" srcset=\"http:\/\/muzeum.brzozow.pl\/wp-content\/uploads\/2017\/08\/pogorze-dynowskie-218x300.jpg 218w, http:\/\/muzeum.brzozow.pl\/wp-content\/uploads\/2017\/08\/pogorze-dynowskie.jpg 500w\" sizes=\"(max-width: 156px) 100vw, 156px\" \/>Pog\u00f3rze Dynowskie<\/em><\/strong>, Adamski J. F., Brzoz\u00f3w 1992.<\/span><\/p>\n<p><span style=\"font-size: 12pt;\">Oprawa mi\u0119kka, format 14,5&#215;20,2<br \/>\n<\/span><span style=\"font-size: 12pt;\">Stron 158<br \/>\n<\/span><span style=\"font-size: 12pt;\">Cena: <strong>10,00 z\u0142<\/strong><\/span><\/p>\n<p>&nbsp;<\/p>\n<p>&nbsp;<\/p>\n<p><span style=\"font-size: 12pt;\"><strong><em><img loading=\"lazy\" class=\"alignleft wp-image-1477\" src=\"http:\/\/muzeum.brzozow.pl\/wp-content\/uploads\/2017\/08\/profesorowie-211x300.jpg\" alt=\"\" width=\"157\" height=\"223\" srcset=\"http:\/\/muzeum.brzozow.pl\/wp-content\/uploads\/2017\/08\/profesorowie-211x300.jpg 211w, http:\/\/muzeum.brzozow.pl\/wp-content\/uploads\/2017\/08\/profesorowie.jpg 600w\" sizes=\"(max-width: 157px) 100vw, 157px\" \/>Profesorowie Gimnazjum i Liceum w Brzozowie w latach 1909-1939<\/em><\/strong>, Pawlikowski R., Trze\u015bniowska M., Brzoz\u00f3w 2013.<\/span><\/p>\n<p><span style=\"font-size: 12pt;\">Oprawa mi\u0119kka, format 15,8&#215;22,2<br \/>\n<\/span><span style=\"font-size: 12pt;\">Stron 288<br \/>\n<\/span><span style=\"font-size: 12pt;\">Cena: <strong>15,00 z\u0142<\/strong><\/span><\/p>\n<p>&nbsp;<\/p>\n<p><span style=\"font-size: 12pt;\"><strong><em><img loading=\"lazy\" class=\"alignleft wp-image-1480\" src=\"http:\/\/muzeum.brzozow.pl\/wp-content\/uploads\/2017\/08\/sanok-209x300.jpg\" alt=\"\" width=\"155\" height=\"222\" srcset=\"http:\/\/muzeum.brzozow.pl\/wp-content\/uploads\/2017\/08\/sanok-209x300.jpg 209w, http:\/\/muzeum.brzozow.pl\/wp-content\/uploads\/2017\/08\/sanok.jpg 600w\" sizes=\"(max-width: 155px) 100vw, 155px\" \/>Sanok<\/em><\/strong><strong>,<\/strong> Fastnacht A<em>., <\/em>Brzoz\u00f3w 1990.<\/span><\/p>\n<p><span style=\"font-size: 12pt;\">Oprawa mi\u0119kka, format 16,5&#215;23,5<br \/>\n<\/span><span style=\"font-size: 12pt;\">Stron 128<br \/>\n<\/span><span style=\"font-size: 12pt;\">Cena: <strong>3,00 z\u0142<\/strong><\/span><\/p>\n<p>&nbsp;<\/p>\n<p>&nbsp;<\/p>\n<p><span style=\"font-size: 12pt;\"><strong><em><img loading=\"lazy\" class=\"alignleft wp-image-1481\" src=\"http:\/\/muzeum.brzozow.pl\/wp-content\/uploads\/2017\/08\/slownik-211x300.jpg\" alt=\"\" width=\"152\" height=\"216\" srcset=\"http:\/\/muzeum.brzozow.pl\/wp-content\/uploads\/2017\/08\/slownik-211x300.jpg 211w, http:\/\/muzeum.brzozow.pl\/wp-content\/uploads\/2017\/08\/slownik.jpg 600w\" sizes=\"(max-width: 152px) 100vw, 152px\" \/>S\u0142ownik historyczno-geograficzny Ziemi Sanockiej w \u015bredniowieczu<\/em><\/strong>, Fastnacht A., <\/span><span style=\"font-size: 12pt;\">cz. 2, Brzoz\u00f3w \u2013 Wzd\u00f3w \u2013 Rzesz\u00f3w 1998.<\/span><\/p>\n<p><span style=\"font-size: 12pt;\">Oprawa mi\u0119kka, format 16,5&#215;23,4<br \/>\n<\/span><span style=\"font-size: 12pt;\">Stron 176<br \/>\n<\/span><span style=\"font-size: 12pt;\">Cena: <strong>15,00 z\u0142<\/strong><\/span><\/p>\n<p>&nbsp;<\/p>\n<p><span style=\"font-size: 12pt;\"><strong><em><img loading=\"lazy\" class=\"alignleft wp-image-1482\" src=\"http:\/\/muzeum.brzozow.pl\/wp-content\/uploads\/2017\/08\/stara-wies-209x300.jpg\" alt=\"\" width=\"151\" height=\"217\" srcset=\"http:\/\/muzeum.brzozow.pl\/wp-content\/uploads\/2017\/08\/stara-wies-209x300.jpg 209w, http:\/\/muzeum.brzozow.pl\/wp-content\/uploads\/2017\/08\/stara-wies.jpg 500w\" sizes=\"(max-width: 151px) 100vw, 151px\" \/>Stara Wie\u015b<\/em><\/strong><strong>,<\/strong> Dydek S., Brzoz\u00f3w 1996.<\/span><\/p>\n<p><span style=\"font-size: 12pt;\">Oprawa twarda, format 17&#215;24,5<br \/>\n<\/span><span style=\"font-size: 12pt;\">Stron 471<br \/>\n<\/span><span style=\"font-size: 12pt;\">Cena: <strong>15,00 z\u0142<\/strong><\/span><\/p>\n<p>&nbsp;<\/p>\n<p>&nbsp;<\/p>\n<p><span style=\"font-size: 12pt;\"><strong><em><img loading=\"lazy\" class=\"alignleft wp-image-1483\" src=\"http:\/\/muzeum.brzozow.pl\/wp-content\/uploads\/2017\/08\/szkola-obywatelskiej-sluzby-205x300.jpg\" alt=\"\" width=\"146\" height=\"214\" srcset=\"http:\/\/muzeum.brzozow.pl\/wp-content\/uploads\/2017\/08\/szkola-obywatelskiej-sluzby-205x300.jpg 205w, http:\/\/muzeum.brzozow.pl\/wp-content\/uploads\/2017\/08\/szkola-obywatelskiej-sluzby.jpg 600w\" sizes=\"(max-width: 146px) 100vw, 146px\" \/>Szko\u0142a obywatelskiej s\u0142u\u017cby. Z dziej\u00f3w Ochotniczej Stra\u017cy Po\u017carnej w Brzozowie 1874-1999<\/em><\/strong><em>,<\/em> Dydek S., Brzoz\u00f3w 1999.<\/span><\/p>\n<p><span style=\"font-size: 12pt;\">Oprawa twarda, format 17&#215;24,5<br \/>\n<\/span><span style=\"font-size: 12pt;\">Stron 144<br \/>\n<\/span><span style=\"font-size: 12pt;\">Cena: <strong>5,00 z\u0142<\/strong><\/span><\/p>\n<p>&nbsp;<\/p>\n<p><span style=\"font-size: 12pt;\"><strong><em><img loading=\"lazy\" class=\"alignleft wp-image-1488\" src=\"http:\/\/muzeum.brzozow.pl\/wp-content\/uploads\/2017\/08\/widok-171x300.jpg\" alt=\"\" width=\"142\" height=\"249\" srcset=\"http:\/\/muzeum.brzozow.pl\/wp-content\/uploads\/2017\/08\/widok-171x300.jpg 171w, http:\/\/muzeum.brzozow.pl\/wp-content\/uploads\/2017\/08\/widok.jpg 500w\" sizes=\"(max-width: 142px) 100vw, 142px\" \/>Widok z \u0142aweczki pod Kopernic\u0105<\/em><\/strong>, Zubel H., Brzoz\u00f3w 2009.<\/span><\/p>\n<p><span style=\"font-size: 12pt;\">Oprawa twarda, format 12,4&#215;21,2<br \/>\n<\/span><span style=\"font-size: 12pt;\">Stron 128<br \/>\n<\/span><span style=\"font-size: 12pt;\">Cena: <strong>8,00 z\u0142<\/strong><\/span><\/p>\n<p>&nbsp;<\/p>\n<p>&nbsp;<\/p>\n<p><span style=\"font-size: 12pt;\"><strong><em><img loading=\"lazy\" class=\"alignleft wp-image-1486\" src=\"http:\/\/muzeum.brzozow.pl\/wp-content\/uploads\/2017\/08\/w-kleszczach-czerwonych-217x300.jpg\" alt=\"\" width=\"140\" height=\"194\" srcset=\"http:\/\/muzeum.brzozow.pl\/wp-content\/uploads\/2017\/08\/w-kleszczach-czerwonych-217x300.jpg 217w, http:\/\/muzeum.brzozow.pl\/wp-content\/uploads\/2017\/08\/w-kleszczach-czerwonych.jpg 600w\" sizes=\"(max-width: 140px) 100vw, 140px\" \/>W kleszczach czerwonych<\/em><\/strong>, Garbacz D., Zag\u00f3rski A., Brzoz\u00f3w-Rzesz\u00f3w 1991.<\/span><\/p>\n<p><span style=\"font-size: 12pt;\">Oprawa mi\u0119kka, format 14,7&#215;20,6<br \/>\n<\/span><span style=\"font-size: 12pt;\">Stron 282<br \/>\n<\/span><span style=\"font-size: 12pt;\">Cena:<strong> 5,00 z\u0142<\/strong><\/span><\/p>\n<p>&nbsp;<\/p>\n<p>&nbsp;<\/p>\n<p><span style=\"font-size: 12pt;\"><strong><em><img loading=\"lazy\" class=\"alignleft wp-image-1459\" src=\"http:\/\/muzeum.brzozow.pl\/wp-content\/uploads\/2017\/08\/grabownica-212x300.jpg\" alt=\"\" width=\"143\" height=\"202\" srcset=\"http:\/\/muzeum.brzozow.pl\/wp-content\/uploads\/2017\/08\/grabownica-212x300.jpg 212w, http:\/\/muzeum.brzozow.pl\/wp-content\/uploads\/2017\/08\/grabownica.jpg 600w\" sizes=\"(max-width: 143px) 100vw, 143px\" \/>Z dziej\u00f3w Ochotniczej Stra\u017cy Po\u017carnej w Grabownicy Starze\u0144skiej<\/em><\/strong><strong>,<\/strong> Kaznowski M., Brzoz\u00f3w 2013.<\/span><\/p>\n<p><span style=\"font-size: 12pt;\">Oprawa twarda, format 21,5&#215;30,1<br \/>\n<\/span><span style=\"font-size: 12pt;\">Stron&nbsp; 128<br \/>\n<\/span><span style=\"font-size: 12pt;\">Cena: <strong>20,00 z\u0142<\/strong><\/span><\/p>\n<p>&nbsp;<\/p>\n<p>&nbsp;<\/p>\n","protected":false},"excerpt":{"rendered":"<p>OFERTA PUBLIKACJI DO SPRZEDA\u017bY 25<\/p>\n","protected":false},"author":1,"featured_media":0,"parent":9,"menu_order":0,"comment_status":"closed","ping_status":"closed","template":"","meta":{"ngg_post_thumbnail":0},"_links":{"self":[{"href":"http:\/\/muzeum.brzozow.pl\/index.php?rest_route=\/wp\/v2\/pages\/48"}],"collection":[{"href":"http:\/\/muzeum.brzozow.pl\/index.php?rest_route=\/wp\/v2\/pages"}],"about":[{"href":"http:\/\/muzeum.brzozow.pl\/index.php?rest_route=\/wp\/v2\/types\/page"}],"author":[{"embeddable":true,"href":"http:\/\/muzeum.brzozow.pl\/index.php?rest_route=\/wp\/v2\/users\/1"}],"replies":[{"embeddable":true,"href":"http:\/\/muzeum.brzozow.pl\/index.php?rest_route=%2Fwp%2Fv2%2Fcomments&post=48"}],"version-history":[{"count":16,"href":"http:\/\/muzeum.brzozow.pl\/index.php?rest_route=\/wp\/v2\/pages\/48\/revisions"}],"predecessor-version":[{"id":8340,"href":"http:\/\/muzeum.brzozow.pl\/index.php?rest_route=\/wp\/v2\/pages\/48\/revisions\/8340"}],"up":[{"embeddable":true,"href":"http:\/\/muzeum.brzozow.pl\/index.php?rest_route=\/wp\/v2\/pages\/9"}],"wp:attachment":[{"href":"http:\/\/muzeum.brzozow.pl\/index.php?rest_route=%2Fwp%2Fv2%2Fmedia&parent=48"}],"curies":[{"name":"wp","href":"https:\/\/api.w.org\/{rel}","templated":true}]}}