{"id":30,"date":"2017-08-05T20:49:40","date_gmt":"2017-08-05T18:49:40","guid":{"rendered":"http:\/\/www.muzeum.brzozow.pl\/?page_id=30"},"modified":"2023-10-17T07:52:06","modified_gmt":"2023-10-17T05:52:06","slug":"dostepnosc-dla-niepelnosprawnych","status":"publish","type":"page","link":"http:\/\/muzeum.brzozow.pl\/?page_id=30","title":{"rendered":"Deklaracja dost\u0119pno\u015bci"},"content":{"rendered":"<div class=\"style-623 style-local-30-c1 position-relative\" data-colibri-id=\"30-c1\">\n<div id=\"initial-content\" class=\"h-section h-section-global-spacing d-flex align-items-lg-start align-items-md-start align-items-start style-624 style-local-30-c2 position-relative\" data-colibri-component=\"section\" data-colibri-id=\"30-c2\">\n<div class=\"h-section-grid-container h-section-boxed-container\">\n<div class=\"h-row-container gutters-row-lg-0 gutters-row-md-0 gutters-row-0 gutters-row-v-lg-0 gutters-row-v-md-0 gutters-row-v-0 style-625 style-local-30-c3 position-relative\" data-colibri-id=\"30-c3\">\n<div class=\"h-row justify-content-lg-center justify-content-md-center justify-content-center align-items-lg-stretch align-items-md-stretch align-items-stretch gutters-col-lg-0 gutters-col-md-0 gutters-col-0 gutters-col-v-lg-0 gutters-col-v-md-0 gutters-col-v-0\">\n<div class=\"h-column h-column-container d-flex h-col-lg-auto h-col-md-auto h-col-auto style-626-outer style-local-30-c4-outer\">\n<div class=\"d-flex h-flex-basis h-column__inner h-px-lg-2 h-px-md-2 h-px-2 v-inner-lg-2 v-inner-md-2 v-inner-2 style-626 style-local-30-c4 position-relative\" data-colibri-id=\"30-c4\">\n<div class=\"w-100 h-y-container h-column__content h-column__v-align flex-basis-100 align-self-lg-start align-self-md-start align-self-start\">\n<div class=\"style-627 style-local-30-c5 position-relative h-element\" data-colibri-id=\"30-c5\">\n<div><strong>DEKLARACJA DOST\u0118PNO\u015aCI STRONY INTERNETOWEJ MUZEUM REGIONALNEGO IM. ADAMA FASTNACHTA W BRZOZOWIE<\/strong> Muzeum Regionalne im. Adama Fastnachta w Brzozowie zobowi\u0105zuje si\u0119 zapewni\u0107 swojej strony internetowej zgodnie z przepisami ustawy z dnia 4 kwietnia 2019 r. o dost\u0119pno\u015bci cyfrowej stron internetowych i aplikacji mobilnych podmiot\u00f3w publicznych. O\u015bwiadczenie w sprawie dost\u0119pno\u015bci ma zastosowanie do <u>strony internetowej Muzeum Regionalnego im. Adama Fastnachta w Brzozowie.<\/u><\/div>\n<div><strong>Data publikacji strony internetowej: 03.08.2017 r.<br \/>\nData sporz\u0105dzenia deklaracji dost\u0119pno\u015bci: 03.08.2020 r.<br \/>\n<\/strong><\/div>\n<div>\n<p><strong>Status pod wzgl\u0119dem zgodno\u015bci z ustaw\u0105<\/strong> Strona internetowa jest <strong>cz\u0119\u015bciowo zgodna<\/strong> z ustaw\u0105 o dost\u0119pno\u015bci cyfrowej stron internetowych i aplikacji mobilnych podmiot\u00f3w publicznych z powodu niezgodno\u015bci lub wy\u0142\u0105cze\u0144 wymienionych poni\u017cej.<\/p>\n<p><strong>Niezgodno\u015bci<\/strong> * brak opisu niekt\u00f3rych zdj\u0119\u0107 lub ilustracji, * elementy rozwijaj\u0105ce menu g\u0142\u00f3wne (oznaczone \u201e+\u201d) nie zawieraj\u0105 semantycznego opisu przeznaczonego dla program\u00f3w odczytu ekranu u\u017cytkowanych przez osoby z niepe\u0142nosprawno\u015bciami,<br \/>\n* wi\u0119kszo\u015b\u0107 plik\u00f3w dokument\u00f3w udost\u0119pnionych w serwisie jest dost\u0119pna dla program\u00f3w odczytu ekranu. Natomiast cz\u0119\u015b\u0107 udost\u0119pnionej tre\u015bci nie zosta\u0142a przygotowana z uwzgl\u0119dnieniem zasad dost\u0119pno\u015bci dla os\u00f3b z niepe\u0142nosprawno\u015bciami. Cz\u0119\u015b\u0107 dokument\u00f3w nie zawiera nag\u0142\u00f3wk\u00f3w, alternatywnych opis\u00f3w obraz\u00f3w i innych element\u00f3w w strukturze informatycznej, zwi\u0119kszaj\u0105cych dost\u0119pno\u015b\u0107 serwisu dla u\u017cytkownik\u00f3w program\u00f3w odczytu ekranu.<\/p>\n<p><strong>&nbsp;<\/strong><strong>Wy\u0142\u0105czenia<\/strong><\/p>\n<p><strong>&nbsp;<\/strong>*dokumenty opublikowane&nbsp; przed wej\u015bciem w \u017cycie ustawy o dost\u0119pno\u015bci cyfrowej, * mapy zosta\u0142y wy\u0142\u0105czone z obowi\u0105zku zapewniania dost\u0119pno\u015bci,<\/p>\n<p><strong>Informacje zwrotne i dane kontaktowe<\/strong> W przypadku problem\u00f3w z dost\u0119pno\u015bci\u0105 strony internetowej prosimy o kontakt z Dzia\u0142em Wydawnictw i Dokumentacji, e-mail wiadbrzoz@pro.onet.pl, tel. 13 43418-56 W ten sam spos\u00f3b mo\u017cna r\u00f3wnie\u017c sk\u0142ada\u0107 wnioski o udost\u0119pnienie informacji niedost\u0119pnej i sk\u0142ada\u0107 \u017c\u0105dania zapewnienia dost\u0119pno\u015bci. Ka\u017cdy ma prawo do wyst\u0105pienia z \u017c\u0105daniem zapewnienia dost\u0119pno\u015bci cyfrowej strony strony internetowej, lub jakiego\u015b ich elementu. Mo\u017cna tak\u017ce za\u017c\u0105da\u0107 udost\u0119pnienia informacji za pomoc\u0105 alternatywnego sposobu dost\u0119pu, np. przez odczytanie niedost\u0119pnego cyfrowo dokumentu, opisanie zawarto\u015bci<br \/>\nfilmu bez audiodeskrypcji, itp. \u017b\u0105danie powinno zawiera\u0107: * dane kontaktowe osoby zg\u0142aszaj\u0105cej \u017c\u0105danie, * wskazanie strony lub elementu strony, kt\u00f3rej \u017c\u0105danie dotyczy, * wskazanie dogodnej formy udost\u0119pnienia informacji, je\u015bli \u017c\u0105danie dotyczy udost\u0119pnienia w formie alternatywnej informacji niedost\u0119pnej. Je\u017celi osoba \u017c\u0105daj\u0105ca zg\u0142asza potrzeb\u0119 otrzymania informacji za pomoc\u0105 alternatywnego sposobu dost\u0119pu, powinna tak\u017ce okre\u015bli\u0107 dogodny dla niej spos\u00f3b przedstawienia tej informacji. Muzeum zrealizuje \u017c\u0105danie niezw\u0142ocznie, nie p\u00f3\u017aniej ni\u017c w ci\u0105gu 7 dni od dnia wyst\u0105pienia z \u017c\u0105daniem. Je\u017celi dotrzymanie tego terminu nie jest mo\u017cliwe, niezw\u0142ocznie poinformuje o tym wnosz\u0105cego \u017c\u0105dania, przy czym termin ten nie mo\u017ce by\u0107 d\u0142u\u017cszy ni\u017c 2 miesi\u0105ce od dnia wyst\u0105pienia z \u017c\u0105daniem. Je\u017celi zapewnienie dost\u0119pno\u015bci cyfrowej nie jest mo\u017cliwe, Muzeum zaproponuje alternatywny spos\u00f3b dost\u0119pu do informacji. W przypadku, gdy muzeum odm\u00f3wi realizacji \u017c\u0105dania zapewnienia dost\u0119pno\u015bci lub alternatywnego sposobu dost\u0119pu do informacji, wnosz\u0105cy \u017c\u0105danie mo\u017ce z\u0142o\u017cy\u0107 skarg\u0119 w sprawie&nbsp; zapewniania dost\u0119pno\u015bci cyfrowej strony internetowej, aplikacji mobilnej lub elementu strony internetowej. Po wyczerpaniu wszystkich mo\u017cliwo\u015bci skarg\u0119 mo\u017cna przes\u0142a\u0107 tak\u017ce do <u>Rzecznika Praw Obywatelskich.<\/u><\/p>\n<p><strong>Dost\u0119pno\u015b\u0107 architektoniczna<\/strong><\/p>\n<p><strong>Budynek: ul. Rynek 10, 36-200 Brzoz\u00f3w<\/strong><\/p>\n<ol>\n<li>Do budynku prowadz\u0105 dwa wej\u015bcia.<\/li>\n<li>Wej\u015bcie g\u0142\u00f3wne do budynku nie jest przystosowane dla os\u00f3b niepe\u0142nosprawnych.<\/li>\n<li>Podjazd dla os\u00f3b niepe\u0142nosprawnych oraz winda przystosowane do ich potrzeb znajduj\u0105 si\u0119 od strony p\u00f3\u0142nocnej budynku.<\/li>\n<li>Przed budynkiem, od strony p\u00f3\u0142nocnej wyznaczone jest miejsce parkingowe dla osoby z niepe\u0142nosprawno\u015bciami.<\/li>\n<li>Do budynku mo\u017cna wej\u015b\u0107 z psem asystuj\u0105cym i psem przewodnikiem.<\/li>\n<li>W budynku nie ma oznacze\u0144 kontrastowych lub w druku powi\u0119kszonym dla os\u00f3b niewidomych i s\u0142abowidz\u0105cych.<\/li>\n<li>Kondygnacja \u201e0\u201d i kondygnacja \u201e1\u201d s\u0105 dost\u0119pne dla os\u00f3b poruszaj\u0105cych si\u0119 na w\u00f3zkach inwalidzkich, kt\u00f3re od wej\u015bcia od strony p\u00f3\u0142nocnej mog\u0105 przemieszcza\u0107 si\u0119, zar\u00f3wno do sali konferencyjnej (kondygnacja \u201e1\u201d)&nbsp; oraz do sal wystawowych usytuowanych na kondygnacji \u201e0\u201d.<\/li>\n<li>R\u00f3wnie\u017c na kondygnacji \u201e0\u201d znajduje si\u0119 toaleta dostosowana dla os\u00f3b z niepe\u0142nosprawno\u015bciami.<\/li>\n<li>Brak mo\u017cliwo\u015bci skorzystania z t\u0142umacza migowego lub online.<\/li>\n<\/ol>\n<p><strong>Oddzia\u0142 pod nazw\u0105 \u201eMuzeum Po\u017carnictwa im. Stanis\u0142awa Dydka w Starej Wsi, mieszcz\u0105cy si\u0119 w Domu Stra\u017caka.<\/strong><\/p>\n<ol>\n<li>Wej\u015bcie do oddzia\u0142u muzeum nie jest przystosowane dla os\u00f3b niepe\u0142nosprawnych (podjazd).<\/li>\n<li>W budynku nie ma windy.<\/li>\n<li>W oddziale muzeum brak jest dostosowa\u0144 takich jak pochylnie, platformy, informacja g\u0142osowa.<\/li>\n<li>Brak mo\u017cliwo\u015bci skorzystanie z t\u0142umacza migowego na miejscu lub online.<\/li>\n<li>Do budynku mo\u017cne wej\u015b\u0107 z psem asystuj\u0105cym i psem przewodnikiem.<\/li>\n<li>W budynku brak jest toalety dostosowanej dla os\u00f3b z niepe\u0142nosprawno\u015bciami&nbsp; .<\/li>\n<\/ol>\n<p><strong>Deklaracja dost\u0119pno\u015bci do pobrania<\/strong><\/p>\n<p><a href=\"http:\/\/muzeum.brzozow.pl\/wp-content\/uploads\/2017\/08\/Deklaracja-dostepnosci-Strony-Internetowej-Muzeum-Regionalnego-im.odt\">Deklaracja dost\u0119pno\u015bci Strony Internetowej Muzeum Regionalnego im<\/a><\/p>\n<\/div>\n<\/div>\n<\/div>\n<\/div>\n<\/div>\n<\/div>\n<\/div>\n<\/div>\n<\/div>\n<\/div>\n","protected":false},"excerpt":{"rendered":"<p>DEKLARACJA DOST\u0118PNO\u015aCI STRONY INTERNETOWEJ MUZEUM<\/p>\n","protected":false},"author":1,"featured_media":0,"parent":7,"menu_order":0,"comment_status":"closed","ping_status":"closed","template":"page-templates\/full-width-page.php","meta":{"ngg_post_thumbnail":0},"_links":{"self":[{"href":"http:\/\/muzeum.brzozow.pl\/index.php?rest_route=\/wp\/v2\/pages\/30"}],"collection":[{"href":"http:\/\/muzeum.brzozow.pl\/index.php?rest_route=\/wp\/v2\/pages"}],"about":[{"href":"http:\/\/muzeum.brzozow.pl\/index.php?rest_route=\/wp\/v2\/types\/page"}],"author":[{"embeddable":true,"href":"http:\/\/muzeum.brzozow.pl\/index.php?rest_route=\/wp\/v2\/users\/1"}],"replies":[{"embeddable":true,"href":"http:\/\/muzeum.brzozow.pl\/index.php?rest_route=%2Fwp%2Fv2%2Fcomments&post=30"}],"version-history":[{"count":9,"href":"http:\/\/muzeum.brzozow.pl\/index.php?rest_route=\/wp\/v2\/pages\/30\/revisions"}],"predecessor-version":[{"id":6921,"href":"http:\/\/muzeum.brzozow.pl\/index.php?rest_route=\/wp\/v2\/pages\/30\/revisions\/6921"}],"up":[{"embeddable":true,"href":"http:\/\/muzeum.brzozow.pl\/index.php?rest_route=\/wp\/v2\/pages\/7"}],"wp:attachment":[{"href":"http:\/\/muzeum.brzozow.pl\/index.php?rest_route=%2Fwp%2Fv2%2Fmedia&parent=30"}],"curies":[{"name":"wp","href":"https:\/\/api.w.org\/{rel}","templated":true}]}}