{"id":2934,"date":"2020-06-22T15:56:44","date_gmt":"2020-06-22T13:56:44","guid":{"rendered":"http:\/\/www.muzeum.brzozow.pl\/?page_id=2934"},"modified":"2021-01-27T14:26:51","modified_gmt":"2021-01-27T13:26:51","slug":"brzozowskie-zeszyty-historyczne","status":"publish","type":"page","link":"http:\/\/muzeum.brzozow.pl\/?page_id=2934","title":{"rendered":"&#8222;Brzozowskie Zeszyty Historyczne&#8221;"},"content":{"rendered":"<p><span style=\"font-size: 14pt;\"><a href=\"https:\/\/drive.google.com\/file\/d\/1zS0dtl8fQ7LUq0JwkiEkHI6pfSGubUBg\/view?usp=sharing\">Numer 1, 1993 r. &#8222;Wrze\u015bniowi tu\u0142acze&#8221;<\/a><\/span><\/p>\n<p><span style=\"font-size: 14pt;\"><a href=\"https:\/\/drive.google.com\/file\/d\/14OBcDrxjpV9WBNtm4YdcWm2DNwvvvs2E\/view?usp=sharing\">Numer 2, 1993 r. &#8222;Z lat okupacji&#8221;<\/a><\/span><\/p>\n<p><span style=\"font-size: 14pt;\"><a href=\"https:\/\/drive.google.com\/file\/d\/1bw6ff15b7eBSJY8I8-MCV9ooiaiht3Gu\/view?usp=sharing\">Numer 3, 1993 r. &#8222;Czas <em>wyzwolenia<\/em>&#8222;<\/a><\/span><\/p>\n<p><span style=\"font-size: 14pt;\"><a href=\"https:\/\/drive.google.com\/file\/d\/1HfHuMgnrrc_mXKxWwSu4uVBkM-mO2CY3\/view?usp=sharing\">Numer 4, 1994 r. &#8222;Z lat okupacji&#8221; <\/a><\/span><\/p>\n<p><span style=\"font-size: 14pt;\"><a href=\"https:\/\/drive.google.com\/file\/d\/1D1YgNbsOIRzsENOTnd2OKPjPl97Y9pBo\/view?usp=sharing\">Numer 5, 1995 r. &#8222;Czas <em>wyzwolenia<\/em>&#8222;<\/a><\/span><\/p>\n<p><span style=\"font-size: 14pt;\"><a href=\"https:\/\/drive.google.com\/file\/d\/1g_RqjOsiByvRkQ78oOWS0PlSMW97MSFN\/view?usp=sharing\">Numer 6, 1995 r. &#8222;Wrze\u015bniowi tu\u0142acze&#8221;<\/a><\/span><\/p>\n<p><span style=\"font-size: 14pt;\"><a href=\"https:\/\/drive.google.com\/file\/d\/1Izfy628-Lr2z6vESoq3n7oASgkDlzSWk\/view?usp=sharing\">Numer 7, 1996 r. &#8222;Niepodleg\u0142o\u015bciowy szlak ojc\u00f3w naszych pomnikami pisany&#8221;<\/a><\/span><\/p>\n<p><span style=\"font-size: 14pt;\"><a href=\"https:\/\/drive.google.com\/file\/d\/1FP25VKOyDjuSJJ40mbtCnh8jP5LiGAdr\/view?usp=sharing\">Numer 8, 1996 r. &#8222;Czas <em>wyzwolenia<\/em>&#8221; (Od Zbrucza po San)<\/a><\/span><\/p>\n<p><span style=\"font-size: 14pt;\"><a href=\"https:\/\/drive.google.com\/file\/d\/1oEY8cS_5HPPyEPbZs90vsahEGbtAF0VO\/view?usp=sharing\">Numer 9, 1997 r. &#8222;Czas <em>wyzwolenia<\/em>&#8221; (Na podkarpackim obszarze)<\/a><\/span><\/p>\n<p><span style=\"font-size: 14pt;\"><a href=\"https:\/\/drive.google.com\/file\/d\/1FakYxBiBTgxouPeHSTa8DMYeERCNX4kC\/view?usp=sharing\">Numer 10, 1998 r. &#8222;Wrze\u015bniowi tu\u0142acze&#8221; (Z harcerskim rodowodem)<\/a><\/span><\/p>\n<p><span style=\"font-size: 14pt;\"><a href=\"https:\/\/drive.google.com\/file\/d\/17jnjwDxVc6QEchaxr8UAfWV655Qdp1WT\/view?usp=sharing\">Numer 11, 1999 r. &#8222;Z lat okupacji&#8221; (Niepokonanym na chwa\u0142\u0119) <\/a><\/span><\/p>\n<p><span style=\"font-size: 14pt;\"><a href=\"https:\/\/drive.google.com\/file\/d\/1EgnHXyVfTBkJNPNNb4hponYr2vlmRra6\/view?usp=sharing\">Numer 12, 2000 r. &#8222;Z lat okupacji&#8221; (Brzozowski ruch niepodleg\u0142o\u015bciowy)<\/a><\/span><\/p>\n<p><span style=\"font-size: 14pt;\"><a href=\"https:\/\/drive.google.com\/file\/d\/1BeFtm6sRk-iwb_PlFIiDorNYbqaI1IpJ\/view?usp=sharing\">Numer 13, 2001\/2002 r. &#8222;Czas wyzwolenia&#8221; (Od AK do <em>Solidarno\u015bci<\/em>) <\/a><\/span><\/p>\n<p>&nbsp;<\/p>\n<p>&nbsp;<\/p>\n","protected":false},"excerpt":{"rendered":"<p>Numer 1, 1993 r. &#8222;Wrze\u015bniowi<\/p>\n","protected":false},"author":1,"featured_media":0,"parent":9,"menu_order":0,"comment_status":"closed","ping_status":"closed","template":"","meta":{"ngg_post_thumbnail":0},"_links":{"self":[{"href":"http:\/\/muzeum.brzozow.pl\/index.php?rest_route=\/wp\/v2\/pages\/2934"}],"collection":[{"href":"http:\/\/muzeum.brzozow.pl\/index.php?rest_route=\/wp\/v2\/pages"}],"about":[{"href":"http:\/\/muzeum.brzozow.pl\/index.php?rest_route=\/wp\/v2\/types\/page"}],"author":[{"embeddable":true,"href":"http:\/\/muzeum.brzozow.pl\/index.php?rest_route=\/wp\/v2\/users\/1"}],"replies":[{"embeddable":true,"href":"http:\/\/muzeum.brzozow.pl\/index.php?rest_route=%2Fwp%2Fv2%2Fcomments&post=2934"}],"version-history":[{"count":1,"href":"http:\/\/muzeum.brzozow.pl\/index.php?rest_route=\/wp\/v2\/pages\/2934\/revisions"}],"predecessor-version":[{"id":3929,"href":"http:\/\/muzeum.brzozow.pl\/index.php?rest_route=\/wp\/v2\/pages\/2934\/revisions\/3929"}],"up":[{"embeddable":true,"href":"http:\/\/muzeum.brzozow.pl\/index.php?rest_route=\/wp\/v2\/pages\/9"}],"wp:attachment":[{"href":"http:\/\/muzeum.brzozow.pl\/index.php?rest_route=%2Fwp%2Fv2%2Fmedia&parent=2934"}],"curies":[{"name":"wp","href":"https:\/\/api.w.org\/{rel}","templated":true}]}}