{"id":22,"date":"2017-08-05T20:48:39","date_gmt":"2017-08-05T18:48:39","guid":{"rendered":"http:\/\/www.muzeum.brzozow.pl\/?page_id=22"},"modified":"2021-01-29T09:56:27","modified_gmt":"2021-01-29T08:56:27","slug":"darczyncy-ofiarodawcy","status":"publish","type":"page","link":"http:\/\/muzeum.brzozow.pl\/?page_id=22","title":{"rendered":"Program dzia\u0142ania muzeum"},"content":{"rendered":"\n<p>Zach\u0119camy do zaponania si\u0119 z programem dzia\u0142ania naszej instytucji<\/p>\n\n\n<p><a href=\"http:\/\/www.muzeum.brzozow.pl\/wp-content\/uploads\/2017\/08\/Program-dzia\u0142ania-muzeum.pdf\"><span style=\"font-size: 14pt;\">Program dzia\u0142ania muzeum<\/span><\/a><\/p>\n\n\n<hr class=\"wp-block-separator is-style-wide\"\/>\n\n\n\n<figure class=\"wp-block-image size-large\"><img loading=\"lazy\" width=\"1024\" height=\"243\" src=\"http:\/\/muzeum.brzozow.pl\/wp-content\/uploads\/2020\/11\/wejscie1-1024x243.jpg\" alt=\"\" class=\"wp-image-3097\" srcset=\"http:\/\/muzeum.brzozow.pl\/wp-content\/uploads\/2020\/11\/wejscie1-1024x243.jpg 1024w, http:\/\/muzeum.brzozow.pl\/wp-content\/uploads\/2020\/11\/wejscie1-300x71.jpg 300w, http:\/\/muzeum.brzozow.pl\/wp-content\/uploads\/2020\/11\/wejscie1-768x182.jpg 768w, http:\/\/muzeum.brzozow.pl\/wp-content\/uploads\/2020\/11\/wejscie1-1536x365.jpg 1536w, http:\/\/muzeum.brzozow.pl\/wp-content\/uploads\/2020\/11\/wejscie1-2048x486.jpg 2048w\" sizes=\"(max-width: 1024px) 100vw, 1024px\" \/><\/figure>\n\n\n<ul class=\"wp-block-latest-posts__list alignleft wp-block-latest-posts\"><li><a href=\"http:\/\/muzeum.brzozow.pl\/?p=8317\">&#8222;ISKRY NIEPODLEG\u0141EJ&#8221; &#8211; o Polakach, kt\u00f3rzy zmienili \u015bwiat<\/a><\/li>\n<li><a href=\"http:\/\/muzeum.brzozow.pl\/?p=8259\">Rajd turystyczny &#8222;Nad Sanem i nad Stobnic\u0105&#8221; po raz sz\u00f3sty<\/a><\/li>\n<li><a href=\"http:\/\/muzeum.brzozow.pl\/?p=8239\">(brak tytu\u0142u)<\/a><\/li>\n<li><a href=\"http:\/\/muzeum.brzozow.pl\/?p=8178\">(brak tytu\u0142u)<\/a><\/li>\n<li><a href=\"http:\/\/muzeum.brzozow.pl\/?p=8204\">Dzie\u0144 Kobiet w muzeum<\/a><\/li>\n<\/ul>","protected":false},"excerpt":{"rendered":"<p>Zach\u0119camy do zaponania si\u0119 z<\/p>\n","protected":false},"author":1,"featured_media":0,"parent":7,"menu_order":0,"comment_status":"closed","ping_status":"closed","template":"","meta":{"ngg_post_thumbnail":0},"_links":{"self":[{"href":"http:\/\/muzeum.brzozow.pl\/index.php?rest_route=\/wp\/v2\/pages\/22"}],"collection":[{"href":"http:\/\/muzeum.brzozow.pl\/index.php?rest_route=\/wp\/v2\/pages"}],"about":[{"href":"http:\/\/muzeum.brzozow.pl\/index.php?rest_route=\/wp\/v2\/types\/page"}],"author":[{"embeddable":true,"href":"http:\/\/muzeum.brzozow.pl\/index.php?rest_route=\/wp\/v2\/users\/1"}],"replies":[{"embeddable":true,"href":"http:\/\/muzeum.brzozow.pl\/index.php?rest_route=%2Fwp%2Fv2%2Fcomments&post=22"}],"version-history":[{"count":7,"href":"http:\/\/muzeum.brzozow.pl\/index.php?rest_route=\/wp\/v2\/pages\/22\/revisions"}],"predecessor-version":[{"id":4430,"href":"http:\/\/muzeum.brzozow.pl\/index.php?rest_route=\/wp\/v2\/pages\/22\/revisions\/4430"}],"up":[{"embeddable":true,"href":"http:\/\/muzeum.brzozow.pl\/index.php?rest_route=\/wp\/v2\/pages\/7"}],"wp:attachment":[{"href":"http:\/\/muzeum.brzozow.pl\/index.php?rest_route=%2Fwp%2Fv2%2Fmedia&parent=22"}],"curies":[{"name":"wp","href":"https:\/\/api.w.org\/{rel}","templated":true}]}}