{"id":16,"date":"2017-08-05T20:47:45","date_gmt":"2017-08-05T18:47:45","guid":{"rendered":"http:\/\/www.muzeum.brzozow.pl\/?page_id=16"},"modified":"2024-06-18T08:21:11","modified_gmt":"2024-06-18T06:21:11","slug":"godziny-zwiedzania","status":"publish","type":"page","link":"http:\/\/muzeum.brzozow.pl\/?page_id=16","title":{"rendered":"Godziny zwiedzania"},"content":{"rendered":"\n<p class=\"has-medium-font-size\"><strong>Dni robocze:<\/strong><br>od poniedzia\u0142ku do pi\u0105tku w godz. <strong>7.00-14.30;<\/strong><\/p>\n\n\n\n<p class=\"has-medium-font-size\"><strong>Ponadto od 1 kwietnia do 30 wrze\u015bnia w sobot\u0119 i niedziel\u0119 w godz. 9.00-12.30.<\/strong><\/p>\n\n\n\n<p>Oddzia\u0142 naszego muzeum \u2013 Muzeum Po\u017carnictwa w&nbsp;Starej Wsi \u2013  do odwo\u0142ania jest <u>nieczynny<\/u><\/p>\n\n\n\n<p><\/p>\n","protected":false},"excerpt":{"rendered":"<p>Dni robocze:od poniedzia\u0142ku do pi\u0105tku<\/p>\n","protected":false},"author":1,"featured_media":0,"parent":7,"menu_order":0,"comment_status":"closed","ping_status":"closed","template":"","meta":{"ngg_post_thumbnail":0},"_links":{"self":[{"href":"http:\/\/muzeum.brzozow.pl\/index.php?rest_route=\/wp\/v2\/pages\/16"}],"collection":[{"href":"http:\/\/muzeum.brzozow.pl\/index.php?rest_route=\/wp\/v2\/pages"}],"about":[{"href":"http:\/\/muzeum.brzozow.pl\/index.php?rest_route=\/wp\/v2\/types\/page"}],"author":[{"embeddable":true,"href":"http:\/\/muzeum.brzozow.pl\/index.php?rest_route=\/wp\/v2\/users\/1"}],"replies":[{"embeddable":true,"href":"http:\/\/muzeum.brzozow.pl\/index.php?rest_route=%2Fwp%2Fv2%2Fcomments&post=16"}],"version-history":[{"count":5,"href":"http:\/\/muzeum.brzozow.pl\/index.php?rest_route=\/wp\/v2\/pages\/16\/revisions"}],"predecessor-version":[{"id":7426,"href":"http:\/\/muzeum.brzozow.pl\/index.php?rest_route=\/wp\/v2\/pages\/16\/revisions\/7426"}],"up":[{"embeddable":true,"href":"http:\/\/muzeum.brzozow.pl\/index.php?rest_route=\/wp\/v2\/pages\/7"}],"wp:attachment":[{"href":"http:\/\/muzeum.brzozow.pl\/index.php?rest_route=%2Fwp%2Fv2%2Fmedia&parent=16"}],"curies":[{"name":"wp","href":"https:\/\/api.w.org\/{rel}","templated":true}]}}